{"id":3643,"date":"2024-04-02T15:12:40","date_gmt":"2024-04-02T13:12:40","guid":{"rendered":"https:\/\/sar.ppmkt.fr\/mentions-legales\/"},"modified":"2025-11-03T17:31:23","modified_gmt":"2025-11-03T16:31:23","slug":"mentions-legales","status":"publish","type":"page","link":"https:\/\/sar.ppmkt.fr\/en\/mentions-legales\/","title":{"rendered":"LEGAL INFORMATION"},"content":{"rendered":"\n<div style=\"height:35px\" aria-hidden=\"true\" class=\"wp-block-spacer\"><\/div>\n\n\n\n<h3 class=\"wp-block-heading\">SAR:<\/h3>\n\n\n\n<p>SAR is a simplified joint-stock company (<em>soci\u00e9t\u00e9 par actions simplifi\u00e9e<\/em>) with a capital of \u20ac764,872.00, whose registered office is located at 12\/14 rue Louis Bl\u00e9riot, Immeuble Seine Way, 92500 Rueil-Malmaison, France, incorporated in the Nanterre Trade and Companies Register under number 509 349 494, represented by Mr Fran\u00e7ois Chevallier in his capacity as Chairman.<\/p>\n\n\n\n<p>Contact details:<\/p>\n\n\n\n<ul class=\"wp-block-list\">\n<li> Tel: +33 (0)1 41 20 31 00<\/li>\n<\/ul>\n\n\n\n<div style=\"height:40px\" aria-hidden=\"true\" class=\"wp-block-spacer\"><\/div>\n\n\n\n<h3 class=\"wp-block-heading\">Publisher:<\/h3>\n\n\n\n<p>The <a href=\"http:\/\/www.sar.fr\">www.sar.fr<\/a> website (hereinafter the \u201c<strong>Website<\/strong>\u201d) is published by VCSP R\u00e9seaux France, a simplified joint-stock company with a share capital of \u20ac1,000.00, incorporated in the Nanterre Trade and Companies Register under number 789 959 467, whose registered office is located at 1973, boulevard de la D\u00e9fense, 92000 Nanterre, France.<\/p>\n\n\n\n<div style=\"height:40px\" aria-hidden=\"true\" class=\"wp-block-spacer\"><\/div>\n\n\n\n<h3 class=\"wp-block-heading\">Contact details:<\/h3>\n\n\n\n<ul class=\"wp-block-list\">\n<li>Email: <a href=\"mailto:communicationder@vinci-construction.com\" target=\"_blank\" rel=\"noreferrer noopener\">communicationder@vinci-construction.com<\/a><\/li>\n<\/ul>\n\n\n\n<p>Director of publications: S\u00e9bastien Bod\u00e9, Delegate Director of the Road Equipment and Deconstruction CSP (VCSP R\u00e9seaux France).<\/p>\n\n\n\n<p>Editor: Lilia Radi, Communications Officer \u2013 Road Equipment and Deconstruction CSP (VCSP R\u00e9seaux France).<\/p>\n\n\n\n<div style=\"height:40px\" aria-hidden=\"true\" class=\"wp-block-spacer\"><\/div>\n\n\n\n<h3 class=\"wp-block-heading\">Hosting provider:<\/h3>\n\n\n\n<p>The Website is hosted by VINCI Construction SI, an unlimited partnership (<em>soci\u00e9t\u00e9 en nom collectif<\/em>) with a capital of \u20ac510,000, incorporated in the Nanterre Trade and Companies Register under number 414 965 053, whose registered office is located at 1973, boulevard de la D\u00e9fense, 92000 Nanterre, France, represented by Ludovic Demierre and Thierry Mirville.<\/p>\n\n\n\n<p>Contact details:<\/p>\n\n\n\n<ul class=\"wp-block-list\">\n<li>Tel: +33 (0)1 57 98 61 00<\/li>\n<\/ul>\n\n\n\n<div style=\"height:40px\" aria-hidden=\"true\" class=\"wp-block-spacer\"><\/div>\n\n\n\n<h3 class=\"wp-block-heading\">Credits:<\/h3>\n\n\n\n<p>The Website has been designed by web creation agency <a href=\"https:\/\/www.people-marketing.fr\/\" target=\"_blank\" rel=\"noreferrer noopener\">People Marketing<\/a>.<\/p>\n\n\n\n<p>Photos: SAR photo library.<\/p>\n","protected":false},"excerpt":{"rendered":"<p>SAR: SAR is a simplified joint-stock company (soci\u00e9t\u00e9 par actions simplifi\u00e9e) with a capital of \u20ac764,872.00, whose registered office is&#8230;<\/p>\n","protected":false},"author":1,"featured_media":0,"parent":0,"menu_order":44,"comment_status":"closed","ping_status":"closed","template":"","meta":{"_acf_changed":false,"footnotes":""},"class_list":["post-3643","page","type-page","status-publish","hentry"],"acf":[],"yoast_head":"<!-- This site is optimized with the Yoast SEO plugin v26.3 - https:\/\/yoast.com\/wordpress\/plugins\/seo\/ -->\n<title>LEGAL INFORMATION - SAR<\/title>\n<meta name=\"robots\" content=\"index, follow, max-snippet:-1, max-image-preview:large, max-video-preview:-1\" \/>\n<link rel=\"canonical\" href=\"https:\/\/sar.ppmkt.fr\/en\/mentions-legales\/\" \/>\n<meta property=\"og:locale\" content=\"en_US\" \/>\n<meta property=\"og:type\" content=\"article\" \/>\n<meta property=\"og:title\" content=\"LEGAL INFORMATION - SAR\" \/>\n<meta property=\"og:description\" content=\"SAR: SAR is a simplified joint-stock company (soci\u00e9t\u00e9 par actions simplifi\u00e9e) with a capital of \u20ac764,872.00, whose registered office is...\" \/>\n<meta property=\"og:url\" content=\"https:\/\/sar.ppmkt.fr\/en\/mentions-legales\/\" \/>\n<meta property=\"og:site_name\" content=\"SAR\" \/>\n<meta property=\"article:modified_time\" content=\"2025-11-03T16:31:23+00:00\" \/>\n<meta name=\"twitter:card\" content=\"summary_large_image\" \/>\n<meta name=\"twitter:label1\" content=\"Est. reading time\" \/>\n\t<meta name=\"twitter:data1\" content=\"5 minutes\" \/>\n<script type=\"application\/ld+json\" class=\"yoast-schema-graph\">{\"@context\":\"https:\/\/schema.org\",\"@graph\":[{\"@type\":\"WebPage\",\"@id\":\"https:\/\/sar.ppmkt.fr\/en\/mentions-legales\/\",\"url\":\"https:\/\/sar.ppmkt.fr\/en\/mentions-legales\/\",\"name\":\"LEGAL INFORMATION - SAR\",\"isPartOf\":{\"@id\":\"https:\/\/sar.ppmkt.fr\/#website\"},\"datePublished\":\"2024-04-02T13:12:40+00:00\",\"dateModified\":\"2025-11-03T16:31:23+00:00\",\"breadcrumb\":{\"@id\":\"https:\/\/sar.ppmkt.fr\/en\/mentions-legales\/#breadcrumb\"},\"inLanguage\":\"en-US\",\"potentialAction\":[{\"@type\":\"ReadAction\",\"target\":[\"https:\/\/sar.ppmkt.fr\/en\/mentions-legales\/\"]}]},{\"@type\":\"BreadcrumbList\",\"@id\":\"https:\/\/sar.ppmkt.fr\/en\/mentions-legales\/#breadcrumb\",\"itemListElement\":[{\"@type\":\"ListItem\",\"position\":1,\"name\":\"Accueil\",\"item\":\"https:\/\/sar.ppmkt.fr\/en\/\"},{\"@type\":\"ListItem\",\"position\":2,\"name\":\"Mentions l\u00e9gales\"}]},{\"@type\":\"WebSite\",\"@id\":\"https:\/\/sar.ppmkt.fr\/#website\",\"url\":\"https:\/\/sar.ppmkt.fr\/\",\"name\":\"Sar\",\"description\":\"\",\"publisher\":{\"@id\":\"https:\/\/sar.ppmkt.fr\/#organization\"},\"potentialAction\":[{\"@type\":\"SearchAction\",\"target\":{\"@type\":\"EntryPoint\",\"urlTemplate\":\"https:\/\/sar.ppmkt.fr\/?s={search_term_string}\"},\"query-input\":{\"@type\":\"PropertyValueSpecification\",\"valueRequired\":true,\"valueName\":\"search_term_string\"}}],\"inLanguage\":\"en-US\"},{\"@type\":\"Organization\",\"@id\":\"https:\/\/sar.ppmkt.fr\/#organization\",\"name\":\"Sar\",\"url\":\"https:\/\/sar.ppmkt.fr\/\",\"logo\":{\"@type\":\"ImageObject\",\"inLanguage\":\"en-US\",\"@id\":\"https:\/\/sar.ppmkt.fr\/#\/schema\/logo\/image\/\",\"url\":\"\",\"contentUrl\":\"\",\"caption\":\"Sar\"},\"image\":{\"@id\":\"https:\/\/sar.ppmkt.fr\/#\/schema\/logo\/image\/\"}}]}<\/script>\n<!-- \/ Yoast SEO plugin. -->","yoast_head_json":{"title":"LEGAL INFORMATION - SAR","robots":{"index":"index","follow":"follow","max-snippet":"max-snippet:-1","max-image-preview":"max-image-preview:large","max-video-preview":"max-video-preview:-1"},"canonical":"https:\/\/sar.ppmkt.fr\/en\/mentions-legales\/","og_locale":"en_US","og_type":"article","og_title":"LEGAL INFORMATION - SAR","og_description":"SAR: SAR is a simplified joint-stock company (soci\u00e9t\u00e9 par actions simplifi\u00e9e) with a capital of \u20ac764,872.00, whose registered office is...","og_url":"https:\/\/sar.ppmkt.fr\/en\/mentions-legales\/","og_site_name":"SAR","article_modified_time":"2025-11-03T16:31:23+00:00","twitter_card":"summary_large_image","twitter_misc":{"Est. reading time":"5 minutes"},"schema":{"@context":"https:\/\/schema.org","@graph":[{"@type":"WebPage","@id":"https:\/\/sar.ppmkt.fr\/en\/mentions-legales\/","url":"https:\/\/sar.ppmkt.fr\/en\/mentions-legales\/","name":"LEGAL INFORMATION - SAR","isPartOf":{"@id":"https:\/\/sar.ppmkt.fr\/#website"},"datePublished":"2024-04-02T13:12:40+00:00","dateModified":"2025-11-03T16:31:23+00:00","breadcrumb":{"@id":"https:\/\/sar.ppmkt.fr\/en\/mentions-legales\/#breadcrumb"},"inLanguage":"en-US","potentialAction":[{"@type":"ReadAction","target":["https:\/\/sar.ppmkt.fr\/en\/mentions-legales\/"]}]},{"@type":"BreadcrumbList","@id":"https:\/\/sar.ppmkt.fr\/en\/mentions-legales\/#breadcrumb","itemListElement":[{"@type":"ListItem","position":1,"name":"Accueil","item":"https:\/\/sar.ppmkt.fr\/en\/"},{"@type":"ListItem","position":2,"name":"Mentions l\u00e9gales"}]},{"@type":"WebSite","@id":"https:\/\/sar.ppmkt.fr\/#website","url":"https:\/\/sar.ppmkt.fr\/","name":"Sar","description":"","publisher":{"@id":"https:\/\/sar.ppmkt.fr\/#organization"},"potentialAction":[{"@type":"SearchAction","target":{"@type":"EntryPoint","urlTemplate":"https:\/\/sar.ppmkt.fr\/?s={search_term_string}"},"query-input":{"@type":"PropertyValueSpecification","valueRequired":true,"valueName":"search_term_string"}}],"inLanguage":"en-US"},{"@type":"Organization","@id":"https:\/\/sar.ppmkt.fr\/#organization","name":"Sar","url":"https:\/\/sar.ppmkt.fr\/","logo":{"@type":"ImageObject","inLanguage":"en-US","@id":"https:\/\/sar.ppmkt.fr\/#\/schema\/logo\/image\/","url":"","contentUrl":"","caption":"Sar"},"image":{"@id":"https:\/\/sar.ppmkt.fr\/#\/schema\/logo\/image\/"}}]}},"_links":{"self":[{"href":"https:\/\/sar.ppmkt.fr\/en\/wp-json\/wp\/v2\/pages\/3643","targetHints":{"allow":["GET"]}}],"collection":[{"href":"https:\/\/sar.ppmkt.fr\/en\/wp-json\/wp\/v2\/pages"}],"about":[{"href":"https:\/\/sar.ppmkt.fr\/en\/wp-json\/wp\/v2\/types\/page"}],"author":[{"embeddable":true,"href":"https:\/\/sar.ppmkt.fr\/en\/wp-json\/wp\/v2\/users\/1"}],"replies":[{"embeddable":true,"href":"https:\/\/sar.ppmkt.fr\/en\/wp-json\/wp\/v2\/comments?post=3643"}],"version-history":[{"count":13,"href":"https:\/\/sar.ppmkt.fr\/en\/wp-json\/wp\/v2\/pages\/3643\/revisions"}],"predecessor-version":[{"id":5056,"href":"https:\/\/sar.ppmkt.fr\/en\/wp-json\/wp\/v2\/pages\/3643\/revisions\/5056"}],"wp:attachment":[{"href":"https:\/\/sar.ppmkt.fr\/en\/wp-json\/wp\/v2\/media?parent=3643"}],"curies":[{"name":"wp","href":"https:\/\/api.w.org\/{rel}","templated":true}]}}