{"id":4687,"date":"2025-05-28T14:52:45","date_gmt":"2025-05-28T12:52:45","guid":{"rendered":"https:\/\/sar.ppmkt.fr\/nuestros-productos\/nuestra-gama-internacional\/"},"modified":"2025-10-27T16:01:12","modified_gmt":"2025-10-27T15:01:12","slug":"nuestra-gama-internacional","status":"publish","type":"page","link":"https:\/\/sar.ppmkt.fr\/es\/nuestros-productos\/nuestra-gama-internacional\/","title":{"rendered":"Nuestra gama internacional"},"content":{"rendered":"\n<div class=\"wp-block-media-text alignwide is-stacked-on-mobile is-image-fill-element reveal has-background\" style=\"background-color:#abb7c21f;grid-template-columns:45% auto\"><figure class=\"wp-block-media-text__media\"><img decoding=\"async\" src=\"https:\/\/sar.ppmkt.fr\/wp-content\/uploads\/2025\/05\/ILOTS-de-TRAFIC-SOUPLE-S-edited.jpg\" alt=\"\" class=\"wp-image-2325 size-full\" style=\"object-position:50% 50%\"\/><\/figure><div class=\"wp-block-media-text__content\">\n<div style=\"height:20px\" aria-hidden=\"true\" class=\"wp-block-spacer\"><\/div>\n\n\n\n<p>Los equipos de seguridad de pl\u00e1stico para infraestructuras de carreteras y autopistas est\u00e1n en el centro de nuestra experiencia. Especializados en este campo<strong> desde hace m\u00e1s de 50 a\u00f1os,<\/strong> ofrecemos una gama completa para <strong>se\u00f1alizar, guiar y proteger a los usuarios en toda la red de carreteras francesa.<\/strong><\/p>\n<\/div><\/div>\n\n<div style=\"height:20px\" aria-hidden=\"true\" class=\"wp-block-spacer\"><\/div>\n","protected":false},"excerpt":{"rendered":"","protected":false},"author":1,"featured_media":0,"parent":4683,"menu_order":38,"comment_status":"closed","ping_status":"closed","template":"page-gamme.php","meta":{"_acf_changed":false,"footnotes":""},"class_list":["post-4687","page","type-page","status-publish","hentry"],"acf":[],"yoast_head":"<!-- This site is optimized with the Yoast SEO plugin v26.3 - https:\/\/yoast.com\/wordpress\/plugins\/seo\/ -->\n<title>Nuestra gama internacional - SAR, Referencia en productos de se\u00f1alizaci\u00f3n vial<\/title>\n<meta name=\"description\" content=\"Descubra nuestra gama internacional de productos. SAR, referente en productos de se\u00f1alizaci\u00f3n vial en el mercado franc\u00e9s y europeo desde 1964.\" \/>\n<meta name=\"robots\" content=\"index, follow, max-snippet:-1, max-image-preview:large, max-video-preview:-1\" \/>\n<link rel=\"canonical\" href=\"https:\/\/sar.ppmkt.fr\/es\/nuestros-productos\/nuestra-gama-internacional\/\" \/>\n<meta property=\"og:locale\" content=\"es_ES\" \/>\n<meta property=\"og:type\" content=\"article\" \/>\n<meta property=\"og:title\" content=\"Nuestra gama internacional - SAR, Referencia en productos de se\u00f1alizaci\u00f3n vial\" \/>\n<meta property=\"og:description\" content=\"Descubra nuestra gama internacional de productos. SAR, referente en productos de se\u00f1alizaci\u00f3n vial en el mercado franc\u00e9s y europeo desde 1964.\" \/>\n<meta property=\"og:url\" content=\"https:\/\/sar.ppmkt.fr\/es\/nuestros-productos\/nuestra-gama-internacional\/\" \/>\n<meta property=\"og:site_name\" content=\"SAR\" \/>\n<meta property=\"article:modified_time\" content=\"2025-10-27T15:01:12+00:00\" \/>\n<meta property=\"og:image\" content=\"https:\/\/sar.ppmkt.fr\/wp-content\/uploads\/2025\/05\/ILOTS-de-TRAFIC-SOUPLE-S-edited.jpg\" \/>\n<meta name=\"twitter:card\" content=\"summary_large_image\" \/>\n<script type=\"application\/ld+json\" class=\"yoast-schema-graph\">{\"@context\":\"https:\/\/schema.org\",\"@graph\":[{\"@type\":\"WebPage\",\"@id\":\"https:\/\/sar.ppmkt.fr\/es\/nuestros-productos\/nuestra-gama-internacional\/\",\"url\":\"https:\/\/sar.ppmkt.fr\/es\/nuestros-productos\/nuestra-gama-internacional\/\",\"name\":\"Nuestra gama internacional - SAR, Referencia en productos de se\u00f1alizaci\u00f3n vial\",\"isPartOf\":{\"@id\":\"https:\/\/sar.ppmkt.fr\/#website\"},\"primaryImageOfPage\":{\"@id\":\"https:\/\/sar.ppmkt.fr\/es\/nuestros-productos\/nuestra-gama-internacional\/#primaryimage\"},\"image\":{\"@id\":\"https:\/\/sar.ppmkt.fr\/es\/nuestros-productos\/nuestra-gama-internacional\/#primaryimage\"},\"thumbnailUrl\":\"https:\/\/sar.ppmkt.fr\/wp-content\/uploads\/2025\/05\/ILOTS-de-TRAFIC-SOUPLE-S-edited.jpg\",\"datePublished\":\"2025-05-28T12:52:45+00:00\",\"dateModified\":\"2025-10-27T15:01:12+00:00\",\"description\":\"Descubra nuestra gama internacional de productos. SAR, referente en productos de se\u00f1alizaci\u00f3n vial en el mercado franc\u00e9s y europeo desde 1964.\",\"breadcrumb\":{\"@id\":\"https:\/\/sar.ppmkt.fr\/es\/nuestros-productos\/nuestra-gama-internacional\/#breadcrumb\"},\"inLanguage\":\"es\",\"potentialAction\":[{\"@type\":\"ReadAction\",\"target\":[\"https:\/\/sar.ppmkt.fr\/es\/nuestros-productos\/nuestra-gama-internacional\/\"]}]},{\"@type\":\"ImageObject\",\"inLanguage\":\"es\",\"@id\":\"https:\/\/sar.ppmkt.fr\/es\/nuestros-productos\/nuestra-gama-internacional\/#primaryimage\",\"url\":\"https:\/\/sar.ppmkt.fr\/wp-content\/uploads\/2025\/05\/ILOTS-de-TRAFIC-SOUPLE-S-edited.jpg\",\"contentUrl\":\"https:\/\/sar.ppmkt.fr\/wp-content\/uploads\/2025\/05\/ILOTS-de-TRAFIC-SOUPLE-S-edited.jpg\"},{\"@type\":\"BreadcrumbList\",\"@id\":\"https:\/\/sar.ppmkt.fr\/es\/nuestros-productos\/nuestra-gama-internacional\/#breadcrumb\",\"itemListElement\":[{\"@type\":\"ListItem\",\"position\":1,\"name\":\"Accueil\",\"item\":\"https:\/\/sar.ppmkt.fr\/es\/\"},{\"@type\":\"ListItem\",\"position\":2,\"name\":\"Nuestra gama internacional\"}]},{\"@type\":\"WebSite\",\"@id\":\"https:\/\/sar.ppmkt.fr\/#website\",\"url\":\"https:\/\/sar.ppmkt.fr\/\",\"name\":\"Sar\",\"description\":\"\",\"publisher\":{\"@id\":\"https:\/\/sar.ppmkt.fr\/#organization\"},\"potentialAction\":[{\"@type\":\"SearchAction\",\"target\":{\"@type\":\"EntryPoint\",\"urlTemplate\":\"https:\/\/sar.ppmkt.fr\/?s={search_term_string}\"},\"query-input\":{\"@type\":\"PropertyValueSpecification\",\"valueRequired\":true,\"valueName\":\"search_term_string\"}}],\"inLanguage\":\"es\"},{\"@type\":\"Organization\",\"@id\":\"https:\/\/sar.ppmkt.fr\/#organization\",\"name\":\"Sar\",\"url\":\"https:\/\/sar.ppmkt.fr\/\",\"logo\":{\"@type\":\"ImageObject\",\"inLanguage\":\"es\",\"@id\":\"https:\/\/sar.ppmkt.fr\/#\/schema\/logo\/image\/\",\"url\":\"\",\"contentUrl\":\"\",\"caption\":\"Sar\"},\"image\":{\"@id\":\"https:\/\/sar.ppmkt.fr\/#\/schema\/logo\/image\/\"}}]}<\/script>\n<!-- \/ Yoast SEO plugin. -->","yoast_head_json":{"title":"Nuestra gama internacional - SAR, Referencia en productos de se\u00f1alizaci\u00f3n vial","description":"Descubra nuestra gama internacional de productos. SAR, referente en productos de se\u00f1alizaci\u00f3n vial en el mercado franc\u00e9s y europeo desde 1964.","robots":{"index":"index","follow":"follow","max-snippet":"max-snippet:-1","max-image-preview":"max-image-preview:large","max-video-preview":"max-video-preview:-1"},"canonical":"https:\/\/sar.ppmkt.fr\/es\/nuestros-productos\/nuestra-gama-internacional\/","og_locale":"es_ES","og_type":"article","og_title":"Nuestra gama internacional - SAR, Referencia en productos de se\u00f1alizaci\u00f3n vial","og_description":"Descubra nuestra gama internacional de productos. SAR, referente en productos de se\u00f1alizaci\u00f3n vial en el mercado franc\u00e9s y europeo desde 1964.","og_url":"https:\/\/sar.ppmkt.fr\/es\/nuestros-productos\/nuestra-gama-internacional\/","og_site_name":"SAR","article_modified_time":"2025-10-27T15:01:12+00:00","og_image":[{"url":"https:\/\/sar.ppmkt.fr\/wp-content\/uploads\/2025\/05\/ILOTS-de-TRAFIC-SOUPLE-S-edited.jpg","type":"","width":"","height":""}],"twitter_card":"summary_large_image","schema":{"@context":"https:\/\/schema.org","@graph":[{"@type":"WebPage","@id":"https:\/\/sar.ppmkt.fr\/es\/nuestros-productos\/nuestra-gama-internacional\/","url":"https:\/\/sar.ppmkt.fr\/es\/nuestros-productos\/nuestra-gama-internacional\/","name":"Nuestra gama internacional - SAR, Referencia en productos de se\u00f1alizaci\u00f3n vial","isPartOf":{"@id":"https:\/\/sar.ppmkt.fr\/#website"},"primaryImageOfPage":{"@id":"https:\/\/sar.ppmkt.fr\/es\/nuestros-productos\/nuestra-gama-internacional\/#primaryimage"},"image":{"@id":"https:\/\/sar.ppmkt.fr\/es\/nuestros-productos\/nuestra-gama-internacional\/#primaryimage"},"thumbnailUrl":"https:\/\/sar.ppmkt.fr\/wp-content\/uploads\/2025\/05\/ILOTS-de-TRAFIC-SOUPLE-S-edited.jpg","datePublished":"2025-05-28T12:52:45+00:00","dateModified":"2025-10-27T15:01:12+00:00","description":"Descubra nuestra gama internacional de productos. SAR, referente en productos de se\u00f1alizaci\u00f3n vial en el mercado franc\u00e9s y europeo desde 1964.","breadcrumb":{"@id":"https:\/\/sar.ppmkt.fr\/es\/nuestros-productos\/nuestra-gama-internacional\/#breadcrumb"},"inLanguage":"es","potentialAction":[{"@type":"ReadAction","target":["https:\/\/sar.ppmkt.fr\/es\/nuestros-productos\/nuestra-gama-internacional\/"]}]},{"@type":"ImageObject","inLanguage":"es","@id":"https:\/\/sar.ppmkt.fr\/es\/nuestros-productos\/nuestra-gama-internacional\/#primaryimage","url":"https:\/\/sar.ppmkt.fr\/wp-content\/uploads\/2025\/05\/ILOTS-de-TRAFIC-SOUPLE-S-edited.jpg","contentUrl":"https:\/\/sar.ppmkt.fr\/wp-content\/uploads\/2025\/05\/ILOTS-de-TRAFIC-SOUPLE-S-edited.jpg"},{"@type":"BreadcrumbList","@id":"https:\/\/sar.ppmkt.fr\/es\/nuestros-productos\/nuestra-gama-internacional\/#breadcrumb","itemListElement":[{"@type":"ListItem","position":1,"name":"Accueil","item":"https:\/\/sar.ppmkt.fr\/es\/"},{"@type":"ListItem","position":2,"name":"Nuestra gama internacional"}]},{"@type":"WebSite","@id":"https:\/\/sar.ppmkt.fr\/#website","url":"https:\/\/sar.ppmkt.fr\/","name":"Sar","description":"","publisher":{"@id":"https:\/\/sar.ppmkt.fr\/#organization"},"potentialAction":[{"@type":"SearchAction","target":{"@type":"EntryPoint","urlTemplate":"https:\/\/sar.ppmkt.fr\/?s={search_term_string}"},"query-input":{"@type":"PropertyValueSpecification","valueRequired":true,"valueName":"search_term_string"}}],"inLanguage":"es"},{"@type":"Organization","@id":"https:\/\/sar.ppmkt.fr\/#organization","name":"Sar","url":"https:\/\/sar.ppmkt.fr\/","logo":{"@type":"ImageObject","inLanguage":"es","@id":"https:\/\/sar.ppmkt.fr\/#\/schema\/logo\/image\/","url":"","contentUrl":"","caption":"Sar"},"image":{"@id":"https:\/\/sar.ppmkt.fr\/#\/schema\/logo\/image\/"}}]}},"_links":{"self":[{"href":"https:\/\/sar.ppmkt.fr\/es\/wp-json\/wp\/v2\/pages\/4687","targetHints":{"allow":["GET"]}}],"collection":[{"href":"https:\/\/sar.ppmkt.fr\/es\/wp-json\/wp\/v2\/pages"}],"about":[{"href":"https:\/\/sar.ppmkt.fr\/es\/wp-json\/wp\/v2\/types\/page"}],"author":[{"embeddable":true,"href":"https:\/\/sar.ppmkt.fr\/es\/wp-json\/wp\/v2\/users\/1"}],"replies":[{"embeddable":true,"href":"https:\/\/sar.ppmkt.fr\/es\/wp-json\/wp\/v2\/comments?post=4687"}],"version-history":[{"count":1,"href":"https:\/\/sar.ppmkt.fr\/es\/wp-json\/wp\/v2\/pages\/4687\/revisions"}],"predecessor-version":[{"id":4688,"href":"https:\/\/sar.ppmkt.fr\/es\/wp-json\/wp\/v2\/pages\/4687\/revisions\/4688"}],"up":[{"embeddable":true,"href":"https:\/\/sar.ppmkt.fr\/es\/wp-json\/wp\/v2\/pages\/4683"}],"wp:attachment":[{"href":"https:\/\/sar.ppmkt.fr\/es\/wp-json\/wp\/v2\/media?parent=4687"}],"curies":[{"name":"wp","href":"https:\/\/api.w.org\/{rel}","templated":true}]}}